{"id":674,"date":"2024-02-18T17:20:30","date_gmt":"2024-02-18T17:20:30","guid":{"rendered":"https:\/\/andreifasie.com\/?page_id=674"},"modified":"2025-10-26T18:09:42","modified_gmt":"2025-10-26T18:09:42","slug":"about-me","status":"publish","type":"page","link":"https:\/\/andreifasie.com\/ro\/about-me\/","title":{"rendered":""},"content":{"rendered":"<div class=\"wp-block-group has-global-padding is-layout-constrained wp-block-group-is-layout-constrained\"><div class=\"wp-block-template-part\">\n<div class=\"wp-block-group has-global-padding is-layout-constrained wp-container-core-group-is-layout-a6a2a725 wp-block-group-is-layout-constrained\">\n<div class=\"wp-block-group has-global-padding is-layout-constrained wp-container-core-group-is-layout-a29668a0 wp-block-group-is-layout-constrained\" style=\"margin-top:0;margin-bottom:0;padding-top:0;padding-bottom:0\"><div class=\"aligncenter is-style-rounded is-style-rounded--1 wp-block-site-logo\"><a href=\"https:\/\/andreifasie.com\/ro\/\" class=\"custom-logo-link\" rel=\"home\"><img loading=\"lazy\" decoding=\"async\" width=\"159\" height=\"159\" src=\"https:\/\/andreifasie.com\/wp-content\/uploads\/2023\/05\/6.png\" class=\"custom-logo\" alt=\"arte et facta\" srcset=\"https:\/\/andreifasie.com\/wp-content\/uploads\/2023\/05\/6.png 500w, https:\/\/andreifasie.com\/wp-content\/uploads\/2023\/05\/6-300x300.png 300w, https:\/\/andreifasie.com\/wp-content\/uploads\/2023\/05\/6-150x150.png 150w\" sizes=\"auto, (max-width: 159px) 100vw, 159px\" \/><\/a><\/div>\n\n<h1 style=\"font-size:clamp(31.609px, 1.976rem + ((1vw - 3.2px) * 2.772), 56px); padding-top:0;padding-bottom:0;margin-top:0;margin-bottom:0;\" class=\"has-text-align-center wp-block-site-title has-dm-serif-display-font-family\"><a href=\"https:\/\/andreifasie.com\/ro\" target=\"_self\" rel=\"home\">arte et facta<\/a><\/h1><\/div>\n\n\n<p style=\"padding-top:0;padding-bottom:var(--wp--preset--spacing--30);\" class=\"has-text-align-center wp-block-site-tagline\">Eseuri despre art\u0103 \u0219i comentarii curatoriale<\/p><\/div>\n\n\n\n<hr class=\"wp-block-separator has-alpha-channel-opacity is-style-wide\"\/>\n\n\n<nav class=\"items-justified-center wp-block-navigation is-content-justification-center is-layout-flex wp-container-core-navigation-is-layout-443c5b4a wp-block-navigation-is-layout-flex\" aria-label=\"Header navigation 2\"><ul class=\"wp-block-navigation__container items-justified-center wp-block-navigation\"><li class=\"wp-block-navigation-item wp-block-navigation-link\"><a class=\"wp-block-navigation-item__content\"  href=\"https:\/\/andreifasie.com\/ro\/\"><span class=\"wp-block-navigation-item__label\">Acas\u0103<\/span><\/a><\/li><li class=\"wp-block-navigation-item wp-block-navigation-link\"><a class=\"wp-block-navigation-item__content\"  href=\"https:\/\/andreifasie.com\/ro\/all\/\"><span class=\"wp-block-navigation-item__label\">Articole<\/span><\/a><\/li><li class=\"wp-block-navigation-item wp-block-navigation-link\"><a class=\"wp-block-navigation-item__content\"  href=\"https:\/\/andreifasie.com\/ro\/about-me\/\"><span class=\"wp-block-navigation-item__label\">Despre mine<\/span><\/a><\/li><\/ul><\/nav>\n\n\n<hr class=\"wp-block-separator has-alpha-channel-opacity is-style-wide\"\/>\n\n\n\n<div style=\"height:0px\" aria-hidden=\"true\" class=\"wp-block-spacer\"><\/div>\n<\/div><\/div>\n\n\n\n<figure class=\"wp-block-image aligncenter size-full is-resized is-style-rounded\"><img loading=\"lazy\" decoding=\"async\" width=\"811\" height=\"811\" src=\"https:\/\/andreifasie.com\/wp-content\/uploads\/2024\/02\/att.a0cy_Zno1V8j1hruD3WYT6NzxHx7NHfEyvFq9QhGgu0-Copy.jpg\" alt=\"\" class=\"wp-image-983\" style=\"width:153px;height:auto\" srcset=\"https:\/\/andreifasie.com\/wp-content\/uploads\/2024\/02\/att.a0cy_Zno1V8j1hruD3WYT6NzxHx7NHfEyvFq9QhGgu0-Copy.jpg 811w, https:\/\/andreifasie.com\/wp-content\/uploads\/2024\/02\/att.a0cy_Zno1V8j1hruD3WYT6NzxHx7NHfEyvFq9QhGgu0-Copy-300x300.jpg 300w, https:\/\/andreifasie.com\/wp-content\/uploads\/2024\/02\/att.a0cy_Zno1V8j1hruD3WYT6NzxHx7NHfEyvFq9QhGgu0-Copy-150x150.jpg 150w, https:\/\/andreifasie.com\/wp-content\/uploads\/2024\/02\/att.a0cy_Zno1V8j1hruD3WYT6NzxHx7NHfEyvFq9QhGgu0-Copy-768x768.jpg 768w\" sizes=\"auto, (max-width: 811px) 100vw, 811px\" \/><\/figure>\n\n\n\n<p class=\"wp-block-paragraph\">Numele meu este Andrei F\u0103\u0219ie, curator \u0219i cercet\u0103tor cultural, interesat de intersec\u021biile dintre percep\u021bie, expresie artistic\u0103 \u0219i diversitatea experien\u021bei umane. Abordarea mea curatorial\u0103 urm\u0103re\u0219te recuperarea distan\u021bei dintre privitor \u0219i opera de art\u0103, indiferent de mediul acesteia, \u00een scopul restabilirii \u00eent\u00e2lnirii autentice cu formele de expresie care, de-a lungul timpului, au fost \u00eendep\u0103rtate prin viziuni \u00eenguste, fie elitiste, fie excesiv de formalizate, desprinse de umanitatea ce ar trebui s\u0103 le fie, \u00een fond, fundamental\u0103.<\/p>\n\n\n\n<p class=\"wp-block-paragraph translation-block\">Formarea mea academic\u0103 se situeaz\u0103 la confluen\u021ba dintre literatur\u0103, cultur\u0103 vizual\u0103 \u0219i filosofie. Am studiat culturile rom\u00e2n\u0103 \u0219i englez\u0103 la Universitatea Transilvania din Bra\u0219ov, iar ulterior am urmat un masterat \u00een cadrul Centrului de Excelen\u021b\u0103 \u00een Studiul Imaginii, Universitatea din Bucure\u0219ti. Cercetarea mea de acolo, intitulat\u0103 <em>Recuper\u0103rile tangibilului \u00een Ocularocen<\/em>, a explorat domina\u021bia vizualului \u00een modelarea percep\u021biei contemporane \u0219i a constituit baza teoretic\u0103 a actualului meu proiect doctoral, care investigheaz\u0103 imersivitatea ca form\u0103 de modificare a con\u0219tiin\u021bei, analiz\u00e2nd modul \u00een care mediile digitale, onirice sau imaginative transform\u0103 percep\u021bia sinelui \u0219i a prezen\u021bei.<\/p>\n\n\n\n<p class=\"wp-block-paragraph\">Prin ceea ce scriu \u0219i prin practica curatorial\u0103, urm\u0103resc articularea dimensiunilor emo\u021bionale \u0219i cognitive ale privirii, cultiv\u00e2nd o apropiere privit\u0103 dintr-o perspectiv\u0103 nou\u0103 \u00eentre art\u0103 \u0219i publicul s\u0103u. Eseurile \u0219i proiectele mele exploreaz\u0103 modul \u00een care experien\u021ba artistic\u0103 poate restabili aten\u021bia, empatia \u0219i sensul \u00eentr-o lume saturat\u0103 vizual.<\/p>\n\n\n\n<div class=\"wp-block-group alignwide has-global-padding is-layout-constrained wp-container-core-group-is-layout-dfc33524 wp-block-group-is-layout-constrained\" style=\"margin-top:0;margin-bottom:0\"><div class=\"aligncenter wp-block-site-logo\"><a href=\"https:\/\/andreifasie.com\/ro\/\" class=\"custom-logo-link\" rel=\"home\"><img loading=\"lazy\" decoding=\"async\" width=\"178\" height=\"178\" src=\"https:\/\/andreifasie.com\/wp-content\/uploads\/2023\/05\/6.png\" class=\"custom-logo\" alt=\"arte et facta\" srcset=\"https:\/\/andreifasie.com\/wp-content\/uploads\/2023\/05\/6.png 500w, https:\/\/andreifasie.com\/wp-content\/uploads\/2023\/05\/6-300x300.png 300w, https:\/\/andreifasie.com\/wp-content\/uploads\/2023\/05\/6-150x150.png 150w\" sizes=\"auto, (max-width: 178px) 100vw, 178px\" \/><\/a><\/div><\/div>\n\n\n\n<p class=\"has-text-align-center has-small-font-size wp-block-paragraph\">Toate drepturile rezervate. <\/p>","protected":false},"excerpt":{"rendered":"<p>I\u2019m Andrei F\u0103\u0219ie, a curator and cultural researcher whose work examines the intersections between perception, artistic expression, and the diversity of human experience. My curatorial approach seeks to recover the distance between the viewer and the work of art, regardless of its medium\u2014reestablishing an authentic encounter with forms of expression that have been gradually estranged&#8230;<\/p>","protected":false},"author":1,"featured_media":0,"parent":0,"menu_order":0,"comment_status":"closed","ping_status":"closed","template":"blank","meta":{"_crdt_document":"","footnotes":""},"class_list":["post-674","page","type-page","status-publish","hentry"],"aioseo_notices":[],"jetpack_sharing_enabled":true,"_links":{"self":[{"href":"https:\/\/andreifasie.com\/ro\/wp-json\/wp\/v2\/pages\/674","targetHints":{"allow":["GET"]}}],"collection":[{"href":"https:\/\/andreifasie.com\/ro\/wp-json\/wp\/v2\/pages"}],"about":[{"href":"https:\/\/andreifasie.com\/ro\/wp-json\/wp\/v2\/types\/page"}],"author":[{"embeddable":true,"href":"https:\/\/andreifasie.com\/ro\/wp-json\/wp\/v2\/users\/1"}],"replies":[{"embeddable":true,"href":"https:\/\/andreifasie.com\/ro\/wp-json\/wp\/v2\/comments?post=674"}],"version-history":[{"count":8,"href":"https:\/\/andreifasie.com\/ro\/wp-json\/wp\/v2\/pages\/674\/revisions"}],"predecessor-version":[{"id":1059,"href":"https:\/\/andreifasie.com\/ro\/wp-json\/wp\/v2\/pages\/674\/revisions\/1059"}],"wp:attachment":[{"href":"https:\/\/andreifasie.com\/ro\/wp-json\/wp\/v2\/media?parent=674"}],"curies":[{"name":"wp","href":"https:\/\/api.w.org\/{rel}","templated":true}]}}